{"id":68,"date":"2025-07-29T17:48:19","date_gmt":"2025-07-29T17:48:19","guid":{"rendered":"http:\/\/gusbatesbooks.local\/?page_id=68"},"modified":"2025-10-08T19:48:55","modified_gmt":"2025-10-08T19:48:55","slug":"about","status":"publish","type":"page","link":"https:\/\/gusbatesbooks.com\/es\/about\/","title":{"rendered":"Acerca de"},"content":{"rendered":"<div data-elementor-type=\"wp-page\" data-elementor-id=\"68\" class=\"elementor elementor-68\">\n\t\t\t\t\t\t<section class=\"elementor-section elementor-top-section elementor-element elementor-element-28fd60dc elementor-section-full_width elementor-section-height-default elementor-section-height-default\" data-id=\"28fd60dc\" data-element_type=\"section\">\n\t\t\t\t\t\t<div class=\"elementor-container elementor-column-gap-default\">\n\t\t\t\t\t<div class=\"elementor-column elementor-col-100 elementor-top-column elementor-element elementor-element-3fb44405\" data-id=\"3fb44405\" data-element_type=\"column\" data-settings=\"{&quot;background_background&quot;:&quot;gradient&quot;}\">\n\t\t\t<div class=\"elementor-widget-wrap elementor-element-populated\">\n\t\t\t\t\t<div class=\"elementor-background-overlay\"><\/div>\n\t\t\t\t\t\t<div class=\"elementor-element elementor-element-a6d890e elementor-invisible elementor-widget elementor-widget-heading\" data-id=\"a6d890e\" data-element_type=\"widget\" data-settings=\"{&quot;_animation&quot;:&quot;fadeInDown&quot;}\" data-widget_type=\"heading.default\">\n\t\t\t\t\t<h1 class=\"elementor-heading-title elementor-size-default\">Acerca del autor<\/h1>\t\t\t\t<\/div>\n\t\t\t\t\t<\/div>\n\t\t<\/div>\n\t\t\t\t\t<\/div>\n\t\t<\/section>\n\t\t\t\t<section class=\"elementor-section elementor-top-section elementor-element elementor-element-5ac7bd8f elementor-section-full_width elementor-section-content-middle elementor-reverse-mobile elementor-section-height-default elementor-section-height-default\" data-id=\"5ac7bd8f\" data-element_type=\"section\">\n\t\t\t\t\t\t<div class=\"elementor-container elementor-column-gap-no\">\n\t\t\t\t\t<div class=\"elementor-column elementor-col-33 elementor-top-column elementor-element elementor-element-3eda3622 elementor-hidden-tablet elementor-hidden-phone\" data-id=\"3eda3622\" data-element_type=\"column\">\n\t\t\t<div class=\"elementor-widget-wrap\">\n\t\t\t\t\t\t\t<\/div>\n\t\t<\/div>\n\t\t\t\t<div class=\"elementor-column elementor-col-33 elementor-top-column elementor-element elementor-element-1439bd83\" data-id=\"1439bd83\" data-element_type=\"column\">\n\t\t\t<div class=\"elementor-widget-wrap elementor-element-populated\">\n\t\t\t\t\t\t<div class=\"elementor-element elementor-element-1fd91b5a elementor-invisible elementor-widget elementor-widget-heading\" data-id=\"1fd91b5a\" data-element_type=\"widget\" data-settings=\"{&quot;_animation&quot;:&quot;fadeInLeft&quot;}\" data-widget_type=\"heading.default\">\n\t\t\t\t\t<h2 class=\"elementor-heading-title elementor-size-default\">Acerca de<br>\nGus Bates<\/h2>\t\t\t\t<\/div>\n\t\t\t\t<div class=\"elementor-element elementor-element-584a1e16 elementor-invisible elementor-widget elementor-widget-text-editor\" data-id=\"584a1e16\" data-element_type=\"widget\" data-settings=\"{&quot;_animation&quot;:&quot;fadeInLeft&quot;}\" data-widget_type=\"text-editor.default\">\n\t\t\t\t\t\t\t\t\t<p><span data-olk-copy-source=\"MessageBody\">Gus Bates siempre ha tenido una imaginaci\u00f3n v\u00edvida y un profundo amor por las rimas. Desde joven, encontr\u00f3 alegr\u00eda en hacer re\u00edr y sonre\u00edr a los dem\u00e1s a trav\u00e9s de palabras juguetonas y narraciones creativas.\nLa escritura se convirti\u00f3 en su manera de compartir esa felicidad con el mundo.\n\nSu misi\u00f3n es sencilla pero sincera: difundir alegr\u00eda, despertar la imaginaci\u00f3n y traer un poco m\u00e1s de luz a la vida de las personas, una rima, una historia y una sonrisa a la vez.\u00a0<\/span><\/p>\t\t\t\t\t\t\t\t<\/div>\n\t\t\t\t<div class=\"elementor-element elementor-element-7113fc39 elementor-mobile-align-justify elementor-invisible elementor-widget elementor-widget-button\" data-id=\"7113fc39\" data-element_type=\"widget\" data-settings=\"{&quot;_animation&quot;:&quot;fadeInLeft&quot;}\" data-widget_type=\"button.default\">\n\t\t\t\t\t\t\t\t\t\t<a class=\"elementor-button elementor-button-link elementor-size-sm elementor-animation-grow-rotate\" href=\"https:\/\/gusbatesbooks.com\/es\/?page_id=70\">\n\t\t\t\t\t\t<span class=\"elementor-button-content-wrapper\">\n\t\t\t\t\t\t\t\t\t<span class=\"elementor-button-text\">Contacta a Gus<\/span>\n\t\t\t\t\t<\/span>\n\t\t\t\t\t<\/a>\n\t\t\t\t\t\t\t\t<\/div>\n\t\t\t\t\t<\/div>\n\t\t<\/div>\n\t\t\t\t<div class=\"elementor-column elementor-col-33 elementor-top-column elementor-element elementor-element-42dba5aa\" data-id=\"42dba5aa\" data-element_type=\"column\">\n\t\t\t<div class=\"elementor-widget-wrap elementor-element-populated\">\n\t\t\t\t\t\t<div class=\"elementor-element elementor-element-2c243cc elementor-widget__width-initial elementor-widget elementor-widget-image\" data-id=\"2c243cc\" data-element_type=\"widget\" data-widget_type=\"image.default\">\n\t\t\t\t\t\t\t\t\t\t\t\t\t\t\t<img decoding=\"async\" src=\"https:\/\/gusbatesbooks.com\/wp-content\/uploads\/elementor\/thumbs\/Gus-rcx4i3lj87sm5go8rq3lxhyx3zvo3xo08uymuuklrg.png\" title=\"Gus\" alt=\"Gus\" loading=\"lazy\" \/>\t\t\t\t\t\t\t\t\t\t\t\t\t\t\t<\/div>\n\t\t\t\t\t<\/div>\n\t\t<\/div>\n\t\t\t\t\t<\/div>\n\t\t<\/section>\n\t\t\t\t<\/div>","protected":false},"excerpt":{"rendered":"<p>About The Author About Gus Bates Gus Bates has always had a vivid imagination and a deep love for rhyme. From a young age, he found joy in making others laugh and smile through playful words and creative storytelling. Writing became his way of sharing that happiness with the world. His mission is simple yet [&hellip;]<\/p>","protected":false},"author":1,"featured_media":0,"parent":0,"menu_order":0,"comment_status":"closed","ping_status":"closed","template":"elementor_header_footer","meta":{"_monsterinsights_skip_tracking":false,"_monsterinsights_sitenote_active":false,"_monsterinsights_sitenote_note":"","_monsterinsights_sitenote_category":0,"_uf_show_specific_survey":0,"_uf_disable_surveys":false,"footnotes":""},"class_list":["post-68","page","type-page","status-publish","hentry"],"aioseo_notices":[],"_links":{"self":[{"href":"https:\/\/gusbatesbooks.com\/es\/wp-json\/wp\/v2\/pages\/68","targetHints":{"allow":["GET"]}}],"collection":[{"href":"https:\/\/gusbatesbooks.com\/es\/wp-json\/wp\/v2\/pages"}],"about":[{"href":"https:\/\/gusbatesbooks.com\/es\/wp-json\/wp\/v2\/types\/page"}],"author":[{"embeddable":true,"href":"https:\/\/gusbatesbooks.com\/es\/wp-json\/wp\/v2\/users\/1"}],"replies":[{"embeddable":true,"href":"https:\/\/gusbatesbooks.com\/es\/wp-json\/wp\/v2\/comments?post=68"}],"version-history":[{"count":19,"href":"https:\/\/gusbatesbooks.com\/es\/wp-json\/wp\/v2\/pages\/68\/revisions"}],"predecessor-version":[{"id":323,"href":"https:\/\/gusbatesbooks.com\/es\/wp-json\/wp\/v2\/pages\/68\/revisions\/323"}],"wp:attachment":[{"href":"https:\/\/gusbatesbooks.com\/es\/wp-json\/wp\/v2\/media?parent=68"}],"curies":[{"name":"wp","href":"https:\/\/api.w.org\/{rel}","templated":true}]}}